{"id":402,"date":"2024-09-25T09:38:14","date_gmt":"2024-09-25T07:38:14","guid":{"rendered":"https:\/\/ciudaddelosrecuerdos.cordoba.es\/?page_id=402"},"modified":"2025-09-26T09:26:10","modified_gmt":"2025-09-26T07:26:10","slug":"visite-27","status":"publish","type":"page","link":"https:\/\/ciudaddelosrecuerdos.cordoba.es\/fr\/visite-27\/","title":{"rendered":"Visite 27"},"content":{"rendered":"<h1>Visite 27: Pante\u00f3n de los Condes de Casillas de Velasco<\/h1>\n<div><img loading=\"lazy\" decoding=\"async\" class=\"aligncenter wp-image-15 size-large\" src=\"https:\/\/ciudaddelosrecuerdos.cordoba.es\/wp-content\/uploads\/2024\/09\/1_visita27_casillas_velasco.jpg\" alt=\"\" width=\"780\" height=\"853\" \/><\/div>\n<div class=\"boxAudio\">\n<img decoding=\"async\" src=\"https:\/\/ciudaddelosrecuerdos.cordoba.es\/wp-content\/uploads\/2025\/09\/iconoaudio.png\" width=\"55\" style=\"margin-right:20px;\"><audio controls><source src=\"https:\/\/ciudaddelosrecuerdos.cordoba.es\/audios\/fr\/Ruta1_Visita27_FR.mp3\" type=\"audio\/mpeg\">Your browser does not support the audio element.<\/audio>\n<\/div>\n<p>Le panth\u00e9on des comtes de Casillas de Velasco est le premier des panth\u00e9ons aristocratiques du cimeti\u00e8re de la Salud que le visiteur rencontre d\u00e8s l\u2019entr\u00e9e. C\u2019est un monument fun\u00e9raire sobre, avec une certaine allure n\u00e9o-gothique, perceptible notamment dans les lettres indiquant la propri\u00e9t\u00e9 des comtes. On remarque aussi l\u2019arc bris\u00e9 en mat\u00e9riau sombre, contrastant avec le fond clair du marbre. Le titre nobiliaire fut institu\u00e9 en 1814. Le panth\u00e9on abrite une importante repr\u00e9sentation militaire, notamment les restes \u2014 sans inscription \u2014 de Jos\u00e9 Olivares Ortega (1827-1901), comte consort, mari\u00e9 en 1873 \u00e0 Mar\u00eda Josefa Ruiz del Burgo y Basabr\u00fa. Il cumula plusieurs fonctions : pr\u00e9sident du <em>C\u00edrculo de la Amistad<\/em> (1876 et 1883-1884), gouverneur militaire de Cordoue et lieutenant g\u00e9n\u00e9ral. Il re\u00e7ut les croix de San Hermenegildo, d\u2019Isabelle la Catholique, du M\u00e9rite militaire, ainsi que la croix de San Fernando et la m\u00e9daille d\u2019Afrique.<\/p>\n<p>Il fut \u00e9lu s\u00e9nateur de Cordoue en 1877 et 1879, bien qu\u2019il e\u00fbt ensuite des difficult\u00e9s \u00e0 faire valider son \u00e9lection. La famille poss\u00e9dait des propri\u00e9t\u00e9s rurales \u00e0 Montoro et \u00e0 Cordoue. Jos\u00e9 Olivares Ortega mourut \u00e0 S\u00e9ville, et ses restes furent transf\u00e9r\u00e9s dans ce panth\u00e9on en 1927.<\/p>\n","protected":false},"excerpt":{"rendered":"<p>Visite 27: Pante\u00f3n de los Condes de Casillas de Velasco Your browser does not support the audio element. Le panth\u00e9on [&hellip;]<\/p>\n","protected":false},"author":1,"featured_media":0,"parent":0,"menu_order":0,"comment_status":"closed","ping_status":"closed","template":"page-templates\/full-width.php","meta":{"footnotes":""},"class_list":["post-402","page","type-page","status-publish","hentry"],"_links":{"self":[{"href":"https:\/\/ciudaddelosrecuerdos.cordoba.es\/fr\/wp-json\/wp\/v2\/pages\/402","targetHints":{"allow":["GET"]}}],"collection":[{"href":"https:\/\/ciudaddelosrecuerdos.cordoba.es\/fr\/wp-json\/wp\/v2\/pages"}],"about":[{"href":"https:\/\/ciudaddelosrecuerdos.cordoba.es\/fr\/wp-json\/wp\/v2\/types\/page"}],"author":[{"embeddable":true,"href":"https:\/\/ciudaddelosrecuerdos.cordoba.es\/fr\/wp-json\/wp\/v2\/users\/1"}],"replies":[{"embeddable":true,"href":"https:\/\/ciudaddelosrecuerdos.cordoba.es\/fr\/wp-json\/wp\/v2\/comments?post=402"}],"version-history":[{"count":2,"href":"https:\/\/ciudaddelosrecuerdos.cordoba.es\/fr\/wp-json\/wp\/v2\/pages\/402\/revisions"}],"predecessor-version":[{"id":556,"href":"https:\/\/ciudaddelosrecuerdos.cordoba.es\/fr\/wp-json\/wp\/v2\/pages\/402\/revisions\/556"}],"wp:attachment":[{"href":"https:\/\/ciudaddelosrecuerdos.cordoba.es\/fr\/wp-json\/wp\/v2\/media?parent=402"}],"curies":[{"name":"wp","href":"https:\/\/api.w.org\/{rel}","templated":true}]}}