{"id":399,"date":"2024-09-25T09:38:14","date_gmt":"2024-09-25T07:38:14","guid":{"rendered":"https:\/\/ciudaddelosrecuerdos.cordoba.es\/?page_id=399"},"modified":"2025-09-26T09:26:00","modified_gmt":"2025-09-26T07:26:00","slug":"visite-26","status":"publish","type":"page","link":"https:\/\/ciudaddelosrecuerdos.cordoba.es\/fr\/visite-26\/","title":{"rendered":"Visite 26"},"content":{"rendered":"<h1>Visite 26: Pante\u00f3n Miguel Mu\u00f1oz Gassin<\/h1>\n<div><img loading=\"lazy\" decoding=\"async\" class=\"aligncenter wp-image-15 size-large\" src=\"https:\/\/ciudaddelosrecuerdos.cordoba.es\/wp-content\/uploads\/2024\/09\/1_visita26_munoz_gassin.jpg\" alt=\"\" width=\"780\" height=\"853\" \/><\/div>\n<div class=\"boxAudio\">\n<img decoding=\"async\" src=\"https:\/\/ciudaddelosrecuerdos.cordoba.es\/wp-content\/uploads\/2025\/09\/iconoaudio.png\" width=\"55\" style=\"margin-right:20px;\"><audio controls><source src=\"https:\/\/ciudaddelosrecuerdos.cordoba.es\/audios\/fr\/Ruta1_Visita26_FR.mp3\" type=\"audio\/mpeg\">Your browser does not support the audio element.<\/audio>\n<\/div>\n<p>Ce panth\u00e9on monumental original, r\u00e9alis\u00e9 par F. Barrado, repose sur un socle. Sur celui-ci s\u2019\u00e9l\u00e8ve une pyramide tronqu\u00e9e en marbre blanc, portant des inscriptions mentionnant les d\u00e9funts. Sur cette premi\u00e8re pyramide se dresse une seconde, \u00e9lanc\u00e9e, termin\u00e9e \u00e0 son sommet par des formes plates superpos\u00e9es. L\u2019ensemble joue avec les couleurs et les volumes de mani\u00e8re r\u00e9ussie. \u00c0 noter \u00e9galement les griffes de lion, symbole de pouvoir et de noblesse, sur lesquelles repose la pyramide la plus verticale.<\/p>\n<p>Parmi les personnes inhum\u00e9es figure Miguel \u00c1ngel Ort\u00ed Belmonte (1891-1973), qui exer\u00e7a \u00e0 Cordoue comme archiviste-biblioth\u00e9caire de la mairie, directeur de l\u2019\u00c9cole normale de Magist\u00e8re et pr\u00e9sident de la Commission provinciale des Monuments. Membre titulaire de la Real Academia de C\u00f3rdoba (1953), il y pronon\u00e7a son discours de r\u00e9ception intitul\u00e9 <em>El Fuero de C\u00f3rdoba y las clases sociales de la ciudad. Mud\u00e9jares y Jud\u00edos en la Edad Media<\/em>. Il fut aussi correspondant de la Real Academia de la Historia et de celle des Beaux-Arts de San Fernando. Grand-Croix d\u2019Alphonse X le Sage, il sauva de la spoliation le tr\u00e9sor d\u2019Aliseda, ensemble de bijoux tartessiens d\u2019influence syro-ph\u00e9nicienne, finalement transf\u00e9r\u00e9 au Mus\u00e9e arch\u00e9ologique national. Il \u00e9crivit, entre autres, <em>C\u00f3rdoba durante la Guerra de la Independencia<\/em>, <em>Los Ovando y Sol\u00eds de C\u00e1ceres<\/em>, etc.<\/p>\n","protected":false},"excerpt":{"rendered":"<p>Visite 26: Pante\u00f3n Miguel Mu\u00f1oz Gassin Your browser does not support the audio element. Ce panth\u00e9on monumental original, r\u00e9alis\u00e9 par [&hellip;]<\/p>\n","protected":false},"author":1,"featured_media":0,"parent":0,"menu_order":0,"comment_status":"closed","ping_status":"closed","template":"page-templates\/full-width.php","meta":{"footnotes":""},"class_list":["post-399","page","type-page","status-publish","hentry"],"_links":{"self":[{"href":"https:\/\/ciudaddelosrecuerdos.cordoba.es\/fr\/wp-json\/wp\/v2\/pages\/399","targetHints":{"allow":["GET"]}}],"collection":[{"href":"https:\/\/ciudaddelosrecuerdos.cordoba.es\/fr\/wp-json\/wp\/v2\/pages"}],"about":[{"href":"https:\/\/ciudaddelosrecuerdos.cordoba.es\/fr\/wp-json\/wp\/v2\/types\/page"}],"author":[{"embeddable":true,"href":"https:\/\/ciudaddelosrecuerdos.cordoba.es\/fr\/wp-json\/wp\/v2\/users\/1"}],"replies":[{"embeddable":true,"href":"https:\/\/ciudaddelosrecuerdos.cordoba.es\/fr\/wp-json\/wp\/v2\/comments?post=399"}],"version-history":[{"count":3,"href":"https:\/\/ciudaddelosrecuerdos.cordoba.es\/fr\/wp-json\/wp\/v2\/pages\/399\/revisions"}],"predecessor-version":[{"id":555,"href":"https:\/\/ciudaddelosrecuerdos.cordoba.es\/fr\/wp-json\/wp\/v2\/pages\/399\/revisions\/555"}],"wp:attachment":[{"href":"https:\/\/ciudaddelosrecuerdos.cordoba.es\/fr\/wp-json\/wp\/v2\/media?parent=399"}],"curies":[{"name":"wp","href":"https:\/\/api.w.org\/{rel}","templated":true}]}}