{"id":395,"date":"2024-09-25T09:38:14","date_gmt":"2024-09-25T07:38:14","guid":{"rendered":"https:\/\/ciudaddelosrecuerdos.cordoba.es\/?page_id=395"},"modified":"2025-09-26T09:25:49","modified_gmt":"2025-09-26T07:25:49","slug":"visite-25","status":"publish","type":"page","link":"https:\/\/ciudaddelosrecuerdos.cordoba.es\/fr\/visite-25\/","title":{"rendered":"Visite 25"},"content":{"rendered":"<h1>Visite 25: Pante\u00f3n Marquesa de Conde-Salazar<\/h1>\n<div><img loading=\"lazy\" decoding=\"async\" class=\"aligncenter wp-image-15 size-large\" src=\"https:\/\/ciudaddelosrecuerdos.cordoba.es\/wp-content\/uploads\/2024\/09\/1_visita25_marquesa_conde_salazar.jpg\" alt=\"\" width=\"780\" height=\"853\" \/><\/div>\n<div class=\"boxAudio\">\n<img decoding=\"async\" src=\"https:\/\/ciudaddelosrecuerdos.cordoba.es\/wp-content\/uploads\/2025\/09\/iconoaudio.png\" width=\"55\" style=\"margin-right:20px;\"><audio controls><source src=\"https:\/\/ciudaddelosrecuerdos.cordoba.es\/audios\/fr\/Ruta1_Visita25_FR.mp3\" type=\"audio\/mpeg\">Your browser does not support the audio element.<\/audio>\n<\/div>\n<p>Le panth\u00e9on \u00e9rig\u00e9 par la marquise de Conde-Salazar, Mar\u00eda del Socorro Conde-Salazar y Acosta, est l\u2019un des plus spectaculaires du cimeti\u00e8re. Le style dominant est n\u00e9oclassique. Le monument pr\u00e9sente des r\u00e9miniscences stylistiques d\u2019inspiration romaine, comme les guirlandes et le m\u00e9daillon. Sur le fronton apparaissent la date de construction et l\u2019effigie de la marquise, ainsi qu\u2019une guirlande de marguerites et de roses anciennes. Les motifs v\u00e9g\u00e9taux du panth\u00e9on symbolisent la fertilit\u00e9, la renaissance \u00e0 la vie \u00e9ternelle et l\u2019esp\u00e9rance. La coupole est recouverte de tuiles en forme d\u2019\u00e9cailles. Les vitraux color\u00e9s des fen\u00eatres et du lanterneau conf\u00e8rent \u00e0 l\u2019int\u00e9rieur une atmosph\u00e8re de s\u00e9r\u00e9nit\u00e9 et de beaut\u00e9. On note une forte pr\u00e9sence de motifs d\u00e9coratifs triangulaires et pyramidaux. Bien que non visible de l\u2019ext\u00e9rieur, le sarcophage int\u00e9rieur est d\u2019une belle facture. Dans le jardin clos par une grille de fer, o\u00f9 figure le symbolisme fun\u00e9raire traditionnel de la torche, poussent des sophoras pleureurs (<em>Sophora pendula<\/em>).<\/p>\n<p>Selon le <em>Diario de C\u00f3rdoba<\/em> (16-3-1873), le mausol\u00e9e fut construit par l\u2019architecte Amadeo Rodr\u00edguez, avec la collaboration du marbrier italien Jos\u00e9 del Nero. L\u2019\u00e9difice fut d\u00e9di\u00e9 par la marquise \u00e0 son mari, Francisco Garc\u00eda Hidalgo Pe\u00f1alver, s\u00e9nateur \u00e0 vie et ministre du Tribunal des Comptes du Royaume sous Isabelle II. Y reposent \u00e9galement les restes de Jos\u00e9 Mar\u00eda Conde Acosta, premier maire de Cordoue (1844-1846) et maire corregidor en 1853.<\/p>\n","protected":false},"excerpt":{"rendered":"<p>Visite 25: Pante\u00f3n Marquesa de Conde-Salazar Your browser does not support the audio element. Le panth\u00e9on \u00e9rig\u00e9 par la marquise [&hellip;]<\/p>\n","protected":false},"author":1,"featured_media":0,"parent":0,"menu_order":0,"comment_status":"closed","ping_status":"closed","template":"page-templates\/full-width.php","meta":{"footnotes":""},"class_list":["post-395","page","type-page","status-publish","hentry"],"_links":{"self":[{"href":"https:\/\/ciudaddelosrecuerdos.cordoba.es\/fr\/wp-json\/wp\/v2\/pages\/395","targetHints":{"allow":["GET"]}}],"collection":[{"href":"https:\/\/ciudaddelosrecuerdos.cordoba.es\/fr\/wp-json\/wp\/v2\/pages"}],"about":[{"href":"https:\/\/ciudaddelosrecuerdos.cordoba.es\/fr\/wp-json\/wp\/v2\/types\/page"}],"author":[{"embeddable":true,"href":"https:\/\/ciudaddelosrecuerdos.cordoba.es\/fr\/wp-json\/wp\/v2\/users\/1"}],"replies":[{"embeddable":true,"href":"https:\/\/ciudaddelosrecuerdos.cordoba.es\/fr\/wp-json\/wp\/v2\/comments?post=395"}],"version-history":[{"count":2,"href":"https:\/\/ciudaddelosrecuerdos.cordoba.es\/fr\/wp-json\/wp\/v2\/pages\/395\/revisions"}],"predecessor-version":[{"id":554,"href":"https:\/\/ciudaddelosrecuerdos.cordoba.es\/fr\/wp-json\/wp\/v2\/pages\/395\/revisions\/554"}],"wp:attachment":[{"href":"https:\/\/ciudaddelosrecuerdos.cordoba.es\/fr\/wp-json\/wp\/v2\/media?parent=395"}],"curies":[{"name":"wp","href":"https:\/\/api.w.org\/{rel}","templated":true}]}}