{"id":393,"date":"2024-09-25T09:38:14","date_gmt":"2024-09-25T07:38:14","guid":{"rendered":"https:\/\/ciudaddelosrecuerdos.cordoba.es\/?page_id=393"},"modified":"2025-09-26T09:25:44","modified_gmt":"2025-09-26T07:25:44","slug":"visite-24","status":"publish","type":"page","link":"https:\/\/ciudaddelosrecuerdos.cordoba.es\/fr\/visite-24\/","title":{"rendered":"Visite 24"},"content":{"rendered":"<h1>Visite 24: Pedro L\u00f3pez Morales<\/h1>\n<div><img loading=\"lazy\" decoding=\"async\" class=\"aligncenter wp-image-15 size-large\" src=\"https:\/\/ciudaddelosrecuerdos.cordoba.es\/wp-content\/uploads\/2024\/09\/1_visita24_lopez_morales.jpg\" alt=\"\" width=\"780\" height=\"853\" \/><\/div>\n<div class=\"boxAudio\">\n<img decoding=\"async\" src=\"https:\/\/ciudaddelosrecuerdos.cordoba.es\/wp-content\/uploads\/2025\/09\/iconoaudio.png\" width=\"55\" style=\"margin-right:20px;\"><audio controls><source src=\"https:\/\/ciudaddelosrecuerdos.cordoba.es\/audios\/fr\/Ruta1_Visita24_FR.mp3\" type=\"audio\/mpeg\">Your browser does not support the audio element.<\/audio>\n<\/div>\n<p><strong>Pedro L\u00f3pez Morales (1814-1890)<\/strong> arriva \u00e0 Cordoue en provenance d\u2019Aguilar del R\u00edo Alhama (La Rioja). Initialement marchand de draps, il se consacra \u00e9galement au pr\u00eat \u00e0 int\u00e9r\u00eat \u00e9lev\u00e9. En 1854, il parvint \u00e0 cr\u00e9er la puissante maison bancaire <em>Pedro L\u00f3pez<\/em>. Ses activit\u00e9s se centr\u00e8rent sur la finance, le commerce et la gestion de ses propri\u00e9t\u00e9s urbaines et rurales, ces derni\u00e8res acquises par l\u2019achat de biens d\u00e9samortis. En 1884, il constitua la soci\u00e9t\u00e9 \u00ab Pedro L\u00f3pez e Hijos \u00bb. Fort de sa solide position \u00e9conomique, il s\u2019int\u00e9gra \u00e0 la soci\u00e9t\u00e9 cordouane, devenant dirigeant du <em>C\u00edrculo de la Amistad<\/em>. Il joua \u00e9galement un r\u00f4le fondamental dans la construction du Grand Th\u00e9\u00e2tre, inaugur\u00e9 en 1873, dont il tira d\u2019importants b\u00e9n\u00e9fices. Sur le plan politique, il fut conseiller municipal (1852-1854 et 1857-1859) puis adjoint au maire (1857-1859) de Cordoue. Il fut aussi d\u00e9put\u00e9 provincial (1866-1867) et membre de la direction de la <em>Liga Espa\u00f1ola de Contribuyentes<\/em> \u00e0 Cordoue, pr\u00e9sid\u00e9e par le comte de Torres Cabrera.<\/p>\n<p>Sa trajectoire illustre l\u2019ascension d\u2019une nouvelle classe sociale : la bourgeoisie, ici d\u00e9di\u00e9e au commerce et \u00e0 la finance. Le beau panth\u00e9on o\u00f9 reposent ses restes est construit en marbre.<\/p>\n","protected":false},"excerpt":{"rendered":"<p>Visite 24: Pedro L\u00f3pez Morales Your browser does not support the audio element. Pedro L\u00f3pez Morales (1814-1890) arriva \u00e0 Cordoue [&hellip;]<\/p>\n","protected":false},"author":1,"featured_media":0,"parent":0,"menu_order":0,"comment_status":"closed","ping_status":"closed","template":"page-templates\/full-width.php","meta":{"footnotes":""},"class_list":["post-393","page","type-page","status-publish","hentry"],"_links":{"self":[{"href":"https:\/\/ciudaddelosrecuerdos.cordoba.es\/fr\/wp-json\/wp\/v2\/pages\/393","targetHints":{"allow":["GET"]}}],"collection":[{"href":"https:\/\/ciudaddelosrecuerdos.cordoba.es\/fr\/wp-json\/wp\/v2\/pages"}],"about":[{"href":"https:\/\/ciudaddelosrecuerdos.cordoba.es\/fr\/wp-json\/wp\/v2\/types\/page"}],"author":[{"embeddable":true,"href":"https:\/\/ciudaddelosrecuerdos.cordoba.es\/fr\/wp-json\/wp\/v2\/users\/1"}],"replies":[{"embeddable":true,"href":"https:\/\/ciudaddelosrecuerdos.cordoba.es\/fr\/wp-json\/wp\/v2\/comments?post=393"}],"version-history":[{"count":2,"href":"https:\/\/ciudaddelosrecuerdos.cordoba.es\/fr\/wp-json\/wp\/v2\/pages\/393\/revisions"}],"predecessor-version":[{"id":553,"href":"https:\/\/ciudaddelosrecuerdos.cordoba.es\/fr\/wp-json\/wp\/v2\/pages\/393\/revisions\/553"}],"wp:attachment":[{"href":"https:\/\/ciudaddelosrecuerdos.cordoba.es\/fr\/wp-json\/wp\/v2\/media?parent=393"}],"curies":[{"name":"wp","href":"https:\/\/api.w.org\/{rel}","templated":true}]}}