{"id":391,"date":"2024-09-25T09:38:14","date_gmt":"2024-09-25T07:38:14","guid":{"rendered":"https:\/\/ciudaddelosrecuerdos.cordoba.es\/?page_id=391"},"modified":"2025-09-26T09:29:19","modified_gmt":"2025-09-26T07:29:19","slug":"visite-23","status":"publish","type":"page","link":"https:\/\/ciudaddelosrecuerdos.cordoba.es\/fr\/visite-23\/","title":{"rendered":"Visite 23"},"content":{"rendered":"<h1>Visite 23: Pante\u00f3n Rafael Cabrera P\u00e9rez de Saavedra<\/h1>\n<div><img loading=\"lazy\" decoding=\"async\" class=\"aligncenter wp-image-15 size-large\" src=\"https:\/\/ciudaddelosrecuerdos.cordoba.es\/wp-content\/uploads\/2024\/09\/1_visita23_cabrera_perez_saavedra.jpg\" alt=\"\" width=\"780\" height=\"853\" \/><\/div>\n<div class=\"boxAudio\">\n<img decoding=\"async\" src=\"https:\/\/ciudaddelosrecuerdos.cordoba.es\/wp-content\/uploads\/2025\/09\/iconoaudio.png\" width=\"55\" style=\"margin-right:20px;\"><audio controls><source src=\"https:\/\/ciudaddelosrecuerdos.cordoba.es\/audios\/fr\/Ruta1_Visita23_FR.mp3\" type=\"audio\/mpeg\">Your browser does not support the audio element.<\/audio>\n<\/div>\n<p>Le panth\u00e9on, dat\u00e9 de 1877 et fond\u00e9 par Rafael Cabrera P\u00e9rez de Saavedra, est un exemple d\u2019architecture fun\u00e9raire de la fin du XIX\u1d49 si\u00e8cle, marqu\u00e9e par le retour \u00e0 des mod\u00e8les d\u2019\u00e9poques ant\u00e9rieures. Ici, il s\u2019agit d\u2019un panth\u00e9on n\u00e9o-gothique o\u00f9 les principaux \u00e9l\u00e9ments de ce style se distinguent nettement : l\u2019arc en accolade et la porte d\u2019entr\u00e9e, compos\u00e9e d\u2019un treillis d\u2019arcs \u00e9lanc\u00e9s, les pinacles, les gargouilles et la verticalit\u00e9 de l\u2019ensemble.<\/p>\n<p>Les puissants contreforts d\u2019angle sont \u00e9galement remarquables. Sur la partie sup\u00e9rieure de la fa\u00e7ade arri\u00e8re et sur l\u2019un des c\u00f4t\u00e9s figure l\u2019\u00e9cu des Cabrera, l\u2019un des plus anciens lignages de Cordoue apr\u00e8s la conqu\u00eate de la ville par Ferdinand III. Selon Francisco Ruano, auteur de <em>La Casa de Cabrera en C\u00f3rdoba<\/em> (1779), cet \u00e9cu, compos\u00e9 de plusieurs quartiers, pr\u00e9sente \u00ab au quartier principal, la lign\u00e9e des Cabrera : deux ch\u00e8vres noires sur fond d\u2019or ; \u00e0 l\u2019orle, pour le patronyme Enr\u00edquez, des ch\u00e2teaux d\u2019or sur champ rouge et des croix noires de Calatrava sur fond d\u2019argent, dispos\u00e9s alternativement \u00bb. La description de Ruano correspond en grande partie aux armoiries pr\u00e9sentes dans ce panth\u00e9on.<\/p>\n","protected":false},"excerpt":{"rendered":"<p>Visite 23: Pante\u00f3n Rafael Cabrera P\u00e9rez de Saavedra Your browser does not support the audio element. Le panth\u00e9on, dat\u00e9 de [&hellip;]<\/p>\n","protected":false},"author":1,"featured_media":0,"parent":0,"menu_order":0,"comment_status":"closed","ping_status":"closed","template":"page-templates\/full-width.php","meta":{"footnotes":""},"class_list":["post-391","page","type-page","status-publish","hentry"],"_links":{"self":[{"href":"https:\/\/ciudaddelosrecuerdos.cordoba.es\/fr\/wp-json\/wp\/v2\/pages\/391","targetHints":{"allow":["GET"]}}],"collection":[{"href":"https:\/\/ciudaddelosrecuerdos.cordoba.es\/fr\/wp-json\/wp\/v2\/pages"}],"about":[{"href":"https:\/\/ciudaddelosrecuerdos.cordoba.es\/fr\/wp-json\/wp\/v2\/types\/page"}],"author":[{"embeddable":true,"href":"https:\/\/ciudaddelosrecuerdos.cordoba.es\/fr\/wp-json\/wp\/v2\/users\/1"}],"replies":[{"embeddable":true,"href":"https:\/\/ciudaddelosrecuerdos.cordoba.es\/fr\/wp-json\/wp\/v2\/comments?post=391"}],"version-history":[{"count":3,"href":"https:\/\/ciudaddelosrecuerdos.cordoba.es\/fr\/wp-json\/wp\/v2\/pages\/391\/revisions"}],"predecessor-version":[{"id":559,"href":"https:\/\/ciudaddelosrecuerdos.cordoba.es\/fr\/wp-json\/wp\/v2\/pages\/391\/revisions\/559"}],"wp:attachment":[{"href":"https:\/\/ciudaddelosrecuerdos.cordoba.es\/fr\/wp-json\/wp\/v2\/media?parent=391"}],"curies":[{"name":"wp","href":"https:\/\/api.w.org\/{rel}","templated":true}]}}