{"id":389,"date":"2024-09-25T09:38:14","date_gmt":"2024-09-25T07:38:14","guid":{"rendered":"https:\/\/ciudaddelosrecuerdos.cordoba.es\/?page_id=389"},"modified":"2025-09-26T09:28:54","modified_gmt":"2025-09-26T07:28:54","slug":"visite-22","status":"publish","type":"page","link":"https:\/\/ciudaddelosrecuerdos.cordoba.es\/fr\/visite-22\/","title":{"rendered":"Visite 22"},"content":{"rendered":"<h1>Visit2 22: Familia Junguito<\/h1>\n<div><img loading=\"lazy\" decoding=\"async\" class=\"aligncenter wp-image-15 size-large\" src=\"https:\/\/ciudaddelosrecuerdos.cordoba.es\/wp-content\/uploads\/2024\/09\/1_visita22_junguito.jpg\" alt=\"\" width=\"780\" height=\"853\" \/><\/div>\n<div class=\"boxAudio\">\n<img decoding=\"async\" src=\"https:\/\/ciudaddelosrecuerdos.cordoba.es\/wp-content\/uploads\/2025\/09\/iconoaudio.png\" width=\"55\" style=\"margin-right:20px;\"><audio controls><source src=\"https:\/\/ciudaddelosrecuerdos.cordoba.es\/audios\/fr\/Ruta1_Visita22_FR.mp3\" type=\"audio\/mpeg\">Your browser does not support the audio element.<\/audio>\n<\/div>\n<p>En 1915, Mateo Inurria r\u00e9alisa ce beau monument fun\u00e9raire pour le panth\u00e9on de la famille Junguito. Le monolithe est compos\u00e9 de quatre parties : une base, deux sections en marbre et un ob\u00e9lisque \u00e9lanc\u00e9 en pierre noire. Une simple croix de marbre blanc, fix\u00e9e \u00e0 ce dernier, contraste avec le fond sombre. Le relief repr\u00e9sentant le d\u00e9funt, qui pr\u00e9side le panth\u00e9on, attire l\u2019attention : le sculpteur a su donner une grande force et profondeur au regard d\u2019un vieil homme s\u00e9rieux, tandis que la d\u00e9licatesse des roses, dont on distingue m\u00eame les \u00e9pines, cr\u00e9e un contraste.<\/p>\n<p>Le sculpteur <strong>Mateo Inurria Lainosa<\/strong> naquit \u00e0 Cordoue en 1867 et mourut \u00e0 Madrid en 1924. Il entra jeune \u00e0 l\u2019\u00c9cole provinciale des Beaux-Arts de sa ville natale. En 1883\/84, il partit \u00e0 Madrid pour \u00e9tudier \u00e0 l\u2019\u00c9cole sp\u00e9ciale de peinture, sculpture et gravure. En 1901, il fut nomm\u00e9 directeur de l\u2019\u00c9cole sup\u00e9rieure des arts industriels de Cordoue. Membre titulaire de la Real Academia de Ciencias, Bellas Letras y Nobles Artes de la ville et de l\u2019Acad\u00e9mie de San Fernando. Il r\u00e9alisa de nombreuses et remarquables \u0153uvres. Dans ce cimeti\u00e8re, outre le pr\u00e9sent monument, on remarque \u00e9galement celui qu\u2019il r\u00e9alisa sur la tombe de \u00ab Lagartijo \u00bb.<\/p>\n","protected":false},"excerpt":{"rendered":"<p>Visit2 22: Familia Junguito Your browser does not support the audio element. En 1915, Mateo Inurria r\u00e9alisa ce beau monument [&hellip;]<\/p>\n","protected":false},"author":1,"featured_media":0,"parent":0,"menu_order":0,"comment_status":"closed","ping_status":"closed","template":"page-templates\/full-width.php","meta":{"footnotes":""},"class_list":["post-389","page","type-page","status-publish","hentry"],"_links":{"self":[{"href":"https:\/\/ciudaddelosrecuerdos.cordoba.es\/fr\/wp-json\/wp\/v2\/pages\/389","targetHints":{"allow":["GET"]}}],"collection":[{"href":"https:\/\/ciudaddelosrecuerdos.cordoba.es\/fr\/wp-json\/wp\/v2\/pages"}],"about":[{"href":"https:\/\/ciudaddelosrecuerdos.cordoba.es\/fr\/wp-json\/wp\/v2\/types\/page"}],"author":[{"embeddable":true,"href":"https:\/\/ciudaddelosrecuerdos.cordoba.es\/fr\/wp-json\/wp\/v2\/users\/1"}],"replies":[{"embeddable":true,"href":"https:\/\/ciudaddelosrecuerdos.cordoba.es\/fr\/wp-json\/wp\/v2\/comments?post=389"}],"version-history":[{"count":3,"href":"https:\/\/ciudaddelosrecuerdos.cordoba.es\/fr\/wp-json\/wp\/v2\/pages\/389\/revisions"}],"predecessor-version":[{"id":558,"href":"https:\/\/ciudaddelosrecuerdos.cordoba.es\/fr\/wp-json\/wp\/v2\/pages\/389\/revisions\/558"}],"wp:attachment":[{"href":"https:\/\/ciudaddelosrecuerdos.cordoba.es\/fr\/wp-json\/wp\/v2\/media?parent=389"}],"curies":[{"name":"wp","href":"https:\/\/api.w.org\/{rel}","templated":true}]}}