{"id":387,"date":"2024-09-25T09:38:14","date_gmt":"2024-09-25T07:38:14","guid":{"rendered":"https:\/\/ciudaddelosrecuerdos.cordoba.es\/?page_id=387"},"modified":"2025-09-26T09:25:29","modified_gmt":"2025-09-26T07:25:29","slug":"visite-21","status":"publish","type":"page","link":"https:\/\/ciudaddelosrecuerdos.cordoba.es\/fr\/visite-21\/","title":{"rendered":"Visite 21"},"content":{"rendered":"<h1>Visite 21: Rafael Gonz\u00e1lez Madrid \u201cMachaquito\u201d<\/h1>\n<div><img loading=\"lazy\" decoding=\"async\" class=\"aligncenter wp-image-15 size-large\" src=\"https:\/\/ciudaddelosrecuerdos.cordoba.es\/wp-content\/uploads\/2024\/09\/1_visita21_machaquito.jpg\" alt=\"\" width=\"780\" height=\"853\" \/><\/div>\n<div class=\"boxAudio\">\n<img decoding=\"async\" src=\"https:\/\/ciudaddelosrecuerdos.cordoba.es\/wp-content\/uploads\/2025\/09\/iconoaudio.png\" width=\"55\" style=\"margin-right:20px;\"><audio controls><source src=\"https:\/\/ciudaddelosrecuerdos.cordoba.es\/audios\/fr\/Ruta1_Visita21_FR.mp3\" type=\"audio\/mpeg\">Your browser does not support the audio element.<\/audio>\n<\/div>\n<p><strong>Rafael Gonz\u00e1lez Madrid, dit <em>\u00ab Machaquito \u00bb<\/em> (1880-1955)<\/strong>, n\u2019avait pas la finesse d\u2019autres \u00ab Califes \u00bb, bien qu\u2019il ait perfectionn\u00e9 sa technique avec le temps. C\u2019\u00e9tait cependant un torero d\u2019une grande volont\u00e9 et d\u2019une efficacit\u00e9 exceptionnelle pour donner la mort. Son principal rival fut \u00ab Bombita \u00bb, dont il re\u00e7ut l\u2019alternative (c\u00e9r\u00e9monie qui le consacra officiellement matador) le 16 septembre 1900. Le 9 mai 1907, \u00e0 Madrid, il tua un taureau de mani\u00e8re magistrale ; le chroniqueur \u00ab Don Modesto \u00bb demanda alors au sculpteur Mariano Benlliure d\u2019immortaliser ce moment, ce qui donna naissance \u00e0 la sculpture <em>La Estocada de la tarde<\/em>. En 1910, le journal <em>Los Toros<\/em> le d\u00e9signa meilleur torero du moment \u00e0 l\u2019issue d\u2019une enqu\u00eate ayant r\u00e9uni 49120 participants. Il se retira en 1913 apr\u00e8s avoir tu\u00e9 2155 b\u00eates.<\/p>\n<p>Sur sa tombe figure un portrait en bronze du torero, \u00e9galement \u0153uvre de Benlliure, portant l\u2019inscription : \u00ab \u00c0 Rafael Gonz\u00e1lez Madrid, de son ami M. Benlliure, 12-1-1908 \u00bb. Il fut ami de Benito P\u00e9rez Gald\u00f3s. Il re\u00e7ut la Croix de Bienfaisance pour son action en 1902 \u00e0 Hinojosa del Duque (Cordoue), lorsqu\u2019une partie des gradins s\u2019effondra et que les spectateurs tomb\u00e8rent dans l\u2019ar\u00e8ne face au taureau. \u00ab Machaquito \u00bb se pr\u00e9cipita alors vers l\u2019animal et le tua d\u2019un coup d\u2019\u00e9p\u00e9e pr\u00e9cis, \u00e9vitant ainsi une trag\u00e9die.<\/p>\n","protected":false},"excerpt":{"rendered":"<p>Visite 21: Rafael Gonz\u00e1lez Madrid \u201cMachaquito\u201d Your browser does not support the audio element. Rafael Gonz\u00e1lez Madrid, dit \u00ab Machaquito [&hellip;]<\/p>\n","protected":false},"author":1,"featured_media":0,"parent":0,"menu_order":0,"comment_status":"closed","ping_status":"closed","template":"page-templates\/full-width.php","meta":{"footnotes":""},"class_list":["post-387","page","type-page","status-publish","hentry"],"_links":{"self":[{"href":"https:\/\/ciudaddelosrecuerdos.cordoba.es\/fr\/wp-json\/wp\/v2\/pages\/387","targetHints":{"allow":["GET"]}}],"collection":[{"href":"https:\/\/ciudaddelosrecuerdos.cordoba.es\/fr\/wp-json\/wp\/v2\/pages"}],"about":[{"href":"https:\/\/ciudaddelosrecuerdos.cordoba.es\/fr\/wp-json\/wp\/v2\/types\/page"}],"author":[{"embeddable":true,"href":"https:\/\/ciudaddelosrecuerdos.cordoba.es\/fr\/wp-json\/wp\/v2\/users\/1"}],"replies":[{"embeddable":true,"href":"https:\/\/ciudaddelosrecuerdos.cordoba.es\/fr\/wp-json\/wp\/v2\/comments?post=387"}],"version-history":[{"count":2,"href":"https:\/\/ciudaddelosrecuerdos.cordoba.es\/fr\/wp-json\/wp\/v2\/pages\/387\/revisions"}],"predecessor-version":[{"id":550,"href":"https:\/\/ciudaddelosrecuerdos.cordoba.es\/fr\/wp-json\/wp\/v2\/pages\/387\/revisions\/550"}],"wp:attachment":[{"href":"https:\/\/ciudaddelosrecuerdos.cordoba.es\/fr\/wp-json\/wp\/v2\/media?parent=387"}],"curies":[{"name":"wp","href":"https:\/\/api.w.org\/{rel}","templated":true}]}}