{"id":385,"date":"2024-09-25T09:38:14","date_gmt":"2024-09-25T07:38:14","guid":{"rendered":"https:\/\/ciudaddelosrecuerdos.cordoba.es\/?page_id=385"},"modified":"2025-09-26T09:25:22","modified_gmt":"2025-09-26T07:25:22","slug":"visite-20","status":"publish","type":"page","link":"https:\/\/ciudaddelosrecuerdos.cordoba.es\/fr\/visite-20\/","title":{"rendered":"Visite 20"},"content":{"rendered":"<h1>Visite 20: Rafael Castej\u00f3n y Mart\u00ednez de Arizala<\/h1>\n<div><img loading=\"lazy\" decoding=\"async\" class=\"aligncenter wp-image-15 size-large\" src=\"https:\/\/ciudaddelosrecuerdos.cordoba.es\/wp-content\/uploads\/2024\/09\/1_visita20_martinez_arizala.jpg\" alt=\"\" width=\"780\" height=\"853\" \/><\/div>\n<div class=\"boxAudio\">\n<img decoding=\"async\" src=\"https:\/\/ciudaddelosrecuerdos.cordoba.es\/wp-content\/uploads\/2025\/09\/iconoaudio.png\" width=\"55\" style=\"margin-right:20px;\"><audio controls><source src=\"https:\/\/ciudaddelosrecuerdos.cordoba.es\/audios\/fr\/Ruta1_Visita20_FR.mp3\" type=\"audio\/mpeg\">Your browser does not support the audio element.<\/audio>\n<\/div>\n<p><strong>Rafael Castej\u00f3n y Mart\u00ednez de Arizala (1893-1986)<\/strong> fut un \u00e9rudit, scientifique et andalousiste de premier plan. Il \u00e9tudia la m\u00e9decine v\u00e9t\u00e9rinaire et la m\u00e9decine, se distinguant par ses travaux de zootechnie. Il exer\u00e7a comme v\u00e9t\u00e9rinaire militaire \u00e0 Melilla, o\u00f9 il re\u00e7ut des cours d\u2019arabe de la part d\u2019Abd el-Krim lui-m\u00eame. En 1921, il fut nomm\u00e9 professeur, et en 1930 directeur de l\u2019\u00c9cole v\u00e9t\u00e9rinaire de Cordoue ; son action contribua \u00e0 faire de cette \u00e9cole, devenue facult\u00e9 en 1943, l\u2019une des plus prestigieuses d\u2019Espagne. En 1935, il fut nomm\u00e9 directeur g\u00e9n\u00e9ral de la Sant\u00e9. Il se distingua \u00e9galement comme arabisant, arch\u00e9ologue et historien. En 1916, il fut \u00e9lu pr\u00e9sident du <em>Centro Andaluz<\/em> de Cordoue. En 1917, il fut l\u2019un des signataires du \u00ab Manifiesto a la Naci\u00f3n \u00bb, texte appelant \u00e0 la r\u00e9g\u00e9n\u00e9ration du pays. En 1919, comme r\u00e9gionaliste, il fut \u00e9lu d\u00e9put\u00e9 provincial.<\/p>\n<p>Tout au long de sa carri\u00e8re politique, Rafael Castej\u00f3n incarna une vision mod\u00e9r\u00e9e de l\u2019andalousisme dans le domaine socio-\u00e9conomique. Il fut aussi secr\u00e9taire du <em>C\u00edrculo de Labradores<\/em> de Cordoue. Arr\u00eat\u00e9 au d\u00e9but de la guerre civile, il \u00e9chappa n\u00e9anmoins \u00e0 la mort. En 1957, il fut \u00e9lu par acclamation directeur de la Real Academia de C\u00f3rdoba, dont il \u00e9tait membre depuis 1914. Il fut d\u00e9clar\u00e9 fils pr\u00e9f\u00e9r\u00e9 de la ville et de la province.<\/p>\n","protected":false},"excerpt":{"rendered":"<p>Visite 20: Rafael Castej\u00f3n y Mart\u00ednez de Arizala Your browser does not support the audio element. Rafael Castej\u00f3n y Mart\u00ednez [&hellip;]<\/p>\n","protected":false},"author":1,"featured_media":0,"parent":0,"menu_order":0,"comment_status":"closed","ping_status":"closed","template":"page-templates\/full-width.php","meta":{"footnotes":""},"class_list":["post-385","page","type-page","status-publish","hentry"],"_links":{"self":[{"href":"https:\/\/ciudaddelosrecuerdos.cordoba.es\/fr\/wp-json\/wp\/v2\/pages\/385","targetHints":{"allow":["GET"]}}],"collection":[{"href":"https:\/\/ciudaddelosrecuerdos.cordoba.es\/fr\/wp-json\/wp\/v2\/pages"}],"about":[{"href":"https:\/\/ciudaddelosrecuerdos.cordoba.es\/fr\/wp-json\/wp\/v2\/types\/page"}],"author":[{"embeddable":true,"href":"https:\/\/ciudaddelosrecuerdos.cordoba.es\/fr\/wp-json\/wp\/v2\/users\/1"}],"replies":[{"embeddable":true,"href":"https:\/\/ciudaddelosrecuerdos.cordoba.es\/fr\/wp-json\/wp\/v2\/comments?post=385"}],"version-history":[{"count":2,"href":"https:\/\/ciudaddelosrecuerdos.cordoba.es\/fr\/wp-json\/wp\/v2\/pages\/385\/revisions"}],"predecessor-version":[{"id":549,"href":"https:\/\/ciudaddelosrecuerdos.cordoba.es\/fr\/wp-json\/wp\/v2\/pages\/385\/revisions\/549"}],"wp:attachment":[{"href":"https:\/\/ciudaddelosrecuerdos.cordoba.es\/fr\/wp-json\/wp\/v2\/media?parent=385"}],"curies":[{"name":"wp","href":"https:\/\/api.w.org\/{rel}","templated":true}]}}