{"id":383,"date":"2024-09-25T09:38:14","date_gmt":"2024-09-25T07:38:14","guid":{"rendered":"https:\/\/ciudaddelosrecuerdos.cordoba.es\/?page_id=383"},"modified":"2025-09-26T09:25:04","modified_gmt":"2025-09-26T07:25:04","slug":"visite-19","status":"publish","type":"page","link":"https:\/\/ciudaddelosrecuerdos.cordoba.es\/fr\/visite-19\/","title":{"rendered":"Visite 19"},"content":{"rendered":"<h1>Visite 19: Pante\u00f3n Rafael Guerra Bejarano \u201cGuerrita\u201d<\/h1>\n<div><img loading=\"lazy\" decoding=\"async\" class=\"aligncenter wp-image-15 size-large\" src=\"https:\/\/ciudaddelosrecuerdos.cordoba.es\/wp-content\/uploads\/2024\/09\/1_visita19_guerrita.jpg\" alt=\"\" width=\"780\" height=\"853\" \/><\/div>\n<div class=\"boxAudio\">\n<img decoding=\"async\" src=\"https:\/\/ciudaddelosrecuerdos.cordoba.es\/wp-content\/uploads\/2025\/09\/iconoaudio.png\" width=\"55\" style=\"margin-right:20px;\"><audio controls><source src=\"https:\/\/ciudaddelosrecuerdos.cordoba.es\/audios\/fr\/Ruta1_Visita19_FR.mp3\" type=\"audio\/mpeg\">Your browser does not support the audio element.<\/audio>\n<\/div>\n<p><strong>Rafael Guerra Bejarano, dit <em>\u00ab Guerrita \u00bb<\/em> (1862-1941)<\/strong>, fut le deuxi\u00e8me \u201c calife \u201c de la grande lign\u00e9e des matadors cordouans. Sa riche personnalit\u00e9 le fit conna\u00eetre surtout comme grand torero, comme fondateur du <em>Club Guerrita<\/em> \u00e0 Cordoue, pour ses phrases c\u00e9l\u00e8bres et pour avoir organis\u00e9, \u00e0 partir de ce club, l\u2019un des \u00e9v\u00e9nements taurins les plus originaux d\u2019Espagne : la <em>becerrada<\/em> (course de taurillons) en hommage \u00e0 la femme cordouane. Ce spectacle, inaugur\u00e9 en 1898, \u00e9tait destin\u00e9 principalement aux femmes, et fut longtemps pr\u00e9sid\u00e9 par \u00ab Guerrita \u00bb lui-m\u00eame.<\/p>\n<p>\u00c9l\u00e8ve de \u00ab Lagartijo \u00bb, il prit l\u2019alternative en 1887 et se retira en 1899, apr\u00e8s avoir tu\u00e9 2338 taureaux. Il avait aussi exerc\u00e9 comme banderillero. Ses phrases rest\u00e9es c\u00e9l\u00e8bres, parfois transform\u00e9es par le temps, incluent : \u00ab hay gente pa t\u00f3 \u00bb (\u00ab il y a des gens pour tout \u00bb), \u00ab ca uno es ca uno \u00bb (\u00ab chacun est chacun \u00bb), \u00ab lo que no puede ser no puede ser y adem\u00e1s es imposible \u00bb (\u00ab ce qui ne peut pas \u00eatre, ne peut pas \u00eatre et en plus c\u2019est impossible \u00bb). Le <em>Club Guerrita<\/em>, dissous \u00e0 la mort du torero, fut un lieu embl\u00e9matique de la ville, dont la renomm\u00e9e d\u00e9passa Cordoue : on y parlait de tauromachie, et la pr\u00e9sence du ma\u00eetre, avec ses sentences, s\u2019apparentait \u00e0 un rituel attendu.<\/p>\n","protected":false},"excerpt":{"rendered":"<p>Visite 19: Pante\u00f3n Rafael Guerra Bejarano \u201cGuerrita\u201d Your browser does not support the audio element. Rafael Guerra Bejarano, dit \u00ab [&hellip;]<\/p>\n","protected":false},"author":1,"featured_media":0,"parent":0,"menu_order":0,"comment_status":"closed","ping_status":"closed","template":"page-templates\/full-width.php","meta":{"footnotes":""},"class_list":["post-383","page","type-page","status-publish","hentry"],"_links":{"self":[{"href":"https:\/\/ciudaddelosrecuerdos.cordoba.es\/fr\/wp-json\/wp\/v2\/pages\/383","targetHints":{"allow":["GET"]}}],"collection":[{"href":"https:\/\/ciudaddelosrecuerdos.cordoba.es\/fr\/wp-json\/wp\/v2\/pages"}],"about":[{"href":"https:\/\/ciudaddelosrecuerdos.cordoba.es\/fr\/wp-json\/wp\/v2\/types\/page"}],"author":[{"embeddable":true,"href":"https:\/\/ciudaddelosrecuerdos.cordoba.es\/fr\/wp-json\/wp\/v2\/users\/1"}],"replies":[{"embeddable":true,"href":"https:\/\/ciudaddelosrecuerdos.cordoba.es\/fr\/wp-json\/wp\/v2\/comments?post=383"}],"version-history":[{"count":2,"href":"https:\/\/ciudaddelosrecuerdos.cordoba.es\/fr\/wp-json\/wp\/v2\/pages\/383\/revisions"}],"predecessor-version":[{"id":548,"href":"https:\/\/ciudaddelosrecuerdos.cordoba.es\/fr\/wp-json\/wp\/v2\/pages\/383\/revisions\/548"}],"wp:attachment":[{"href":"https:\/\/ciudaddelosrecuerdos.cordoba.es\/fr\/wp-json\/wp\/v2\/media?parent=383"}],"curies":[{"name":"wp","href":"https:\/\/api.w.org\/{rel}","templated":true}]}}