{"id":381,"date":"2024-09-25T09:38:14","date_gmt":"2024-09-25T07:38:14","guid":{"rendered":"https:\/\/ciudaddelosrecuerdos.cordoba.es\/?page_id=381"},"modified":"2025-09-26T09:24:57","modified_gmt":"2025-09-26T07:24:57","slug":"visite-18","status":"publish","type":"page","link":"https:\/\/ciudaddelosrecuerdos.cordoba.es\/fr\/visite-18\/","title":{"rendered":"Visite 18"},"content":{"rendered":"<h1>Visite 18: Familia Carbonell<\/h1>\n<div><img loading=\"lazy\" decoding=\"async\" class=\"aligncenter wp-image-15 size-large\" src=\"https:\/\/ciudaddelosrecuerdos.cordoba.es\/wp-content\/uploads\/2024\/09\/1_visita18_carbonell.jpg\" alt=\"\" width=\"780\" height=\"853\" \/><\/div>\n<div class=\"boxAudio\">\n<img decoding=\"async\" src=\"https:\/\/ciudaddelosrecuerdos.cordoba.es\/wp-content\/uploads\/2025\/09\/iconoaudio.png\" width=\"55\" style=\"margin-right:20px;\"><audio controls><source src=\"https:\/\/ciudaddelosrecuerdos.cordoba.es\/audios\/fr\/Ruta1_Visita18_FR.mp3\" type=\"audio\/mpeg\">Your browser does not support the audio element.<\/audio>\n<\/div>\n<p><strong>Antonio Carbonell y Llacer (1827-1878)<\/strong>, n\u00e9 \u00e0 Alcoy et mort \u00e0 Cordoue, fut le fondateur de l\u2019une des entreprises les plus connues de la ville califale : la <em>Casa Carbonell<\/em>. Issu d\u2019une famille d\u2019industriels et d\u2019entrepreneurs, il se consacra initialement, dans sa ville natale, au commerce, \u00e0 la fabrication de draps, aux activit\u00e9s financi\u00e8res, entre autres. En 1851, il \u00e9pousa C\u00e1ndida Morand Bordehore, de D\u00e9nia, issue d\u2019une famille de banquiers. En 1866, il remporta l\u2019adjudication de la perception des contributions de Cordoue et de Murcie et, en cons\u00e9quence, s\u2019installa \u00e0 Cordoue en 1867. D\u00e8s lors, la maison se sp\u00e9cialisa progressivement dans le commerce de l\u2019huile d\u2019olive. Toutefois, malgr\u00e9 son dynamisme, l\u2019entreprise connut des difficult\u00e9s de liquidit\u00e9 au cours de cette premi\u00e8re \u00e9tape. \u00c0 la mort du fondateur, le d\u00e9ficit d\u00e9passait un million de r\u00e9aux, et la faillite ne fut \u00e9vit\u00e9e que gr\u00e2ce au patrimoine de C\u00e1ndida Morand. Sur son lit de mort, Carbonell y Llacer, par honn\u00eatet\u00e9, pronon\u00e7a cette phrase : \u00ab Carlos, que tout le monde soit pay\u00e9 \u00bb. L\u2019arriv\u00e9e \u00e0 la direction de son fils, Carlos Carbonell y Morand, marqua cependant une p\u00e9riode d\u2019expansion importante.<\/p>\n<p><strong>Carlos Carbonell y Morand (1856-1917)<\/strong> fut l\u2019un des plus importants entrepreneurs de Cordoue. \u00c0 la mort de son p\u00e8re, en 1878, il prit en main les affaires familiales et r\u00e9orienta partiellement l\u2019activit\u00e9 vers l\u2019exportation de l\u2019huile d\u2019olive sur les march\u00e9s internationaux. \u00c0 la fin du XIX\u1d49 si\u00e8cle, les huiles espagnoles atteignaient une qualit\u00e9 qui, au d\u00e9but du XX\u1d49 si\u00e8cle, leur permit de rivaliser avec celles produites par les Italiens et les Fran\u00e7ais. L\u2019action de Carlos Carbonell y Morand s\u2019orienta donc vers l\u2019am\u00e9lioration de la qualit\u00e9 des huiles andalouses. En 1899, r\u00e9cemment \u00e9lu pr\u00e9sident de la Chambre de commerce et d\u2019industrie de Cordoue, il promut une exposition d\u2019huiles d\u2019olive \u00e0 l\u2019occasion de la <em>Feria de la Salud<\/em>, qui devint en 1904 une Exposition r\u00e9gionale. Entre les XIX\u1d49 et XX\u1d49 si\u00e8cles, la <em>Casa Carbonell<\/em> occupa une place de premier plan dans l\u2019exportation espagnole d\u2019huile d\u2019olive. Depuis la Chambre de commerce et d\u2019industrie, Carlos Carbonell encouragea \u00e9galement des projets comme la construction du barrage du Guadalmellato.<\/p>\n","protected":false},"excerpt":{"rendered":"<p>Visite 18: Familia Carbonell Your browser does not support the audio element. Antonio Carbonell y Llacer (1827-1878), n\u00e9 \u00e0 Alcoy [&hellip;]<\/p>\n","protected":false},"author":1,"featured_media":0,"parent":0,"menu_order":0,"comment_status":"closed","ping_status":"closed","template":"page-templates\/full-width.php","meta":{"footnotes":""},"class_list":["post-381","page","type-page","status-publish","hentry"],"_links":{"self":[{"href":"https:\/\/ciudaddelosrecuerdos.cordoba.es\/fr\/wp-json\/wp\/v2\/pages\/381","targetHints":{"allow":["GET"]}}],"collection":[{"href":"https:\/\/ciudaddelosrecuerdos.cordoba.es\/fr\/wp-json\/wp\/v2\/pages"}],"about":[{"href":"https:\/\/ciudaddelosrecuerdos.cordoba.es\/fr\/wp-json\/wp\/v2\/types\/page"}],"author":[{"embeddable":true,"href":"https:\/\/ciudaddelosrecuerdos.cordoba.es\/fr\/wp-json\/wp\/v2\/users\/1"}],"replies":[{"embeddable":true,"href":"https:\/\/ciudaddelosrecuerdos.cordoba.es\/fr\/wp-json\/wp\/v2\/comments?post=381"}],"version-history":[{"count":2,"href":"https:\/\/ciudaddelosrecuerdos.cordoba.es\/fr\/wp-json\/wp\/v2\/pages\/381\/revisions"}],"predecessor-version":[{"id":547,"href":"https:\/\/ciudaddelosrecuerdos.cordoba.es\/fr\/wp-json\/wp\/v2\/pages\/381\/revisions\/547"}],"wp:attachment":[{"href":"https:\/\/ciudaddelosrecuerdos.cordoba.es\/fr\/wp-json\/wp\/v2\/media?parent=381"}],"curies":[{"name":"wp","href":"https:\/\/api.w.org\/{rel}","templated":true}]}}