{"id":379,"date":"2024-09-25T09:38:14","date_gmt":"2024-09-25T07:38:14","guid":{"rendered":"https:\/\/ciudaddelosrecuerdos.cordoba.es\/?page_id=379"},"modified":"2025-09-26T09:24:50","modified_gmt":"2025-09-26T07:24:50","slug":"visite-17","status":"publish","type":"page","link":"https:\/\/ciudaddelosrecuerdos.cordoba.es\/fr\/visite-17\/","title":{"rendered":"Visite 17"},"content":{"rendered":"<h1>Visite 17: Sepultura de Francisco Villar Jordana<\/h1>\n<div><img loading=\"lazy\" decoding=\"async\" class=\"aligncenter wp-image-15 size-large\" src=\"https:\/\/ciudaddelosrecuerdos.cordoba.es\/wp-content\/uploads\/2024\/09\/1_visita17_villar_jordana.jpg\" alt=\"\" width=\"780\" height=\"853\" \/><\/div>\n<div class=\"boxAudio\">\n<img decoding=\"async\" src=\"https:\/\/ciudaddelosrecuerdos.cordoba.es\/wp-content\/uploads\/2025\/09\/iconoaudio.png\" width=\"55\" style=\"margin-right:20px;\"><audio controls><source src=\"https:\/\/ciudaddelosrecuerdos.cordoba.es\/audios\/fr\/Ruta1_Visita17_FR.mp3\" type=\"audio\/mpeg\">Your browser does not support the audio element.<\/audio>\n<\/div>\n<p>La mort du capitaine <strong>Francisco Villar Jordana<\/strong> illustre clairement l\u2019implication des Cordouans dans les nombreuses campagnes que l\u2019Espagne mena au Maroc aux XIX\u1d49 et XX\u1d49 si\u00e8cles. Peu d\u2019\u00e9checs militaires furent aussi comment\u00e9s que le \u00ab D\u00e9sastre d\u2019Annual \u00bb (juillet-ao\u00fbt 1921), au cours duquel l\u2019Espagne subit une terrible d\u00e9faite (environ 8000 morts et disparus) face aux Rifains insurg\u00e9s dirig\u00e9s par Abd el-Krim.<\/p>\n<p>Apr\u00e8s Annual et Monte Arruit, l\u2019arm\u00e9e espagnole d\u00e9ploya de grands efforts pour conserver ses possessions en Afrique, gravement menac\u00e9es. C\u2019est dans l\u2019un de ces combats, \u00e0 Sebt, que mourut le capitaine Villar Jordana \u00e0 l\u2019\u00e2ge de 32 ans (2 octobre 1921). Dans la conscience espagnole du si\u00e8cle dernier, le Maroc fut un lieu de combat redoutable : \u00ab Ni elle ne se lave ni se coiffe, ni ne met sa mantille, jusqu\u2019au retour de son fianc\u00e9 de la guerre de Melilla \u00bb, disait une vieille chanson \u00e9voquant la bataille du Barranco del Lobo (1909). L\u2019Espagne cherchait \u00e0 maintenir l\u2019illusion d\u2019un ancien empire, tandis que les Rifains d\u00e9fendaient leur ind\u00e9pendance. La pierre tombale mentionne \u00e9galement les d\u00e9corations obtenues et les circonstances de la mort du capitaine.<\/p>\n","protected":false},"excerpt":{"rendered":"<p>Visite 17: Sepultura de Francisco Villar Jordana Your browser does not support the audio element. La mort du capitaine Francisco [&hellip;]<\/p>\n","protected":false},"author":1,"featured_media":0,"parent":0,"menu_order":0,"comment_status":"closed","ping_status":"closed","template":"page-templates\/full-width.php","meta":{"footnotes":""},"class_list":["post-379","page","type-page","status-publish","hentry"],"_links":{"self":[{"href":"https:\/\/ciudaddelosrecuerdos.cordoba.es\/fr\/wp-json\/wp\/v2\/pages\/379","targetHints":{"allow":["GET"]}}],"collection":[{"href":"https:\/\/ciudaddelosrecuerdos.cordoba.es\/fr\/wp-json\/wp\/v2\/pages"}],"about":[{"href":"https:\/\/ciudaddelosrecuerdos.cordoba.es\/fr\/wp-json\/wp\/v2\/types\/page"}],"author":[{"embeddable":true,"href":"https:\/\/ciudaddelosrecuerdos.cordoba.es\/fr\/wp-json\/wp\/v2\/users\/1"}],"replies":[{"embeddable":true,"href":"https:\/\/ciudaddelosrecuerdos.cordoba.es\/fr\/wp-json\/wp\/v2\/comments?post=379"}],"version-history":[{"count":2,"href":"https:\/\/ciudaddelosrecuerdos.cordoba.es\/fr\/wp-json\/wp\/v2\/pages\/379\/revisions"}],"predecessor-version":[{"id":546,"href":"https:\/\/ciudaddelosrecuerdos.cordoba.es\/fr\/wp-json\/wp\/v2\/pages\/379\/revisions\/546"}],"wp:attachment":[{"href":"https:\/\/ciudaddelosrecuerdos.cordoba.es\/fr\/wp-json\/wp\/v2\/media?parent=379"}],"curies":[{"name":"wp","href":"https:\/\/api.w.org\/{rel}","templated":true}]}}