{"id":377,"date":"2024-09-25T09:38:14","date_gmt":"2024-09-25T07:38:14","guid":{"rendered":"https:\/\/ciudaddelosrecuerdos.cordoba.es\/?page_id=377"},"modified":"2025-09-26T09:24:45","modified_gmt":"2025-09-26T07:24:45","slug":"visite-16","status":"publish","type":"page","link":"https:\/\/ciudaddelosrecuerdos.cordoba.es\/fr\/visite-16\/","title":{"rendered":"Visite 16"},"content":{"rendered":"<h1>Visite 16: Pante\u00f3n Manuel Rodr\u00edguez S\u00e1nchez \u201cManolete\u201d<\/h1>\n<div><img loading=\"lazy\" decoding=\"async\" class=\"aligncenter wp-image-15 size-large\" src=\"https:\/\/ciudaddelosrecuerdos.cordoba.es\/wp-content\/uploads\/2024\/09\/1_visita16_manolete.jpg\" alt=\"\" width=\"780\" height=\"853\" \/><\/div>\n<div class=\"boxAudio\">\n<img decoding=\"async\" src=\"https:\/\/ciudaddelosrecuerdos.cordoba.es\/wp-content\/uploads\/2025\/09\/iconoaudio.png\" width=\"55\" style=\"margin-right:20px;\"><audio controls><source src=\"https:\/\/ciudaddelosrecuerdos.cordoba.es\/audios\/fr\/Ruta1_Visita16_FR.mp3\" type=\"audio\/mpeg\">Your browser does not support the audio element.<\/audio>\n<\/div>\n<p><strong>Manuel Rodr\u00edguez S\u00e1nchez, dit <em>\u00ab Manolete \u00bb<\/em> (1917-1947)<\/strong>, consid\u00e9r\u00e9 comme le quatri\u00e8me \u00ab Calife \u00bb, est probablement la plus grande l\u00e9gende de la tauromachie espagnole, non seulement par son style aust\u00e8re et \u00e9l\u00e9gant, son art avec la muleta, mais aussi par sa mort pr\u00e9matur\u00e9e, qui bouleversa toute l\u2019Espagne et reste encore aujourd\u2019hui objet de m\u00e9moire et de d\u00e9bat. Fils de tor\u00e9ro, il sentit tr\u00e8s t\u00f4t l\u2019appel des ar\u00e8nes. En 1929, il commen\u00e7a \u00e0 tor\u00e9er des veaux. La guerre civile ralentit sa carri\u00e8re, car il fut mobilis\u00e9. Il prit l\u2019alternative \u00e0 S\u00e9ville le 2 juillet 1939, et la confirma \u00e0 Madrid en octobre de la m\u00eame ann\u00e9e. Sa carri\u00e8re prit ensuite un essor croissant, bien qu\u2019il n\u2019\u00e9chapp\u00e2t pas, comme d\u2019autres ma\u00eetres, aux critiques. Ses prestations au Mexique furent \u00e9galement tr\u00e8s comment\u00e9es.<\/p>\n<p>L\u2019apr\u00e8s-midi du 28 ao\u00fbt 1947, il tor\u00e9a sa derni\u00e8re corrida \u00e0 Linares (Ja\u00e9n). En portant l\u2019estocade, il re\u00e7ut une cornada du taureau <em>Islero<\/em> \u00e0 la cuisse droite, qui provoqua une grave h\u00e9morragie fatale, bien que certains pensent qu\u2019une transfusion pr\u00e9cipita sa mort. Une foule immense accompagna ses restes \u00e0 Cordoue. Le gouvernement lui d\u00e9cerna la Grande Croix de la Bienfaisance. Son apoderado fut Jos\u00e9 Flores Gonz\u00e1lez, dit <em>\u00ab Camar\u00e1 \u00bb<\/em>, qui repose lui aussi dans ce cimeti\u00e8re. Son panth\u00e9on, r\u00e9alis\u00e9 en 1951 par Amadeo Ruiz Olmos, est l\u2019un des plus r\u00e9ussis du cimeti\u00e8re.<\/p>\n","protected":false},"excerpt":{"rendered":"<p>Visite 16: Pante\u00f3n Manuel Rodr\u00edguez S\u00e1nchez \u201cManolete\u201d Your browser does not support the audio element. Manuel Rodr\u00edguez S\u00e1nchez, dit \u00ab [&hellip;]<\/p>\n","protected":false},"author":1,"featured_media":0,"parent":0,"menu_order":0,"comment_status":"closed","ping_status":"closed","template":"page-templates\/full-width.php","meta":{"footnotes":""},"class_list":["post-377","page","type-page","status-publish","hentry"],"_links":{"self":[{"href":"https:\/\/ciudaddelosrecuerdos.cordoba.es\/fr\/wp-json\/wp\/v2\/pages\/377","targetHints":{"allow":["GET"]}}],"collection":[{"href":"https:\/\/ciudaddelosrecuerdos.cordoba.es\/fr\/wp-json\/wp\/v2\/pages"}],"about":[{"href":"https:\/\/ciudaddelosrecuerdos.cordoba.es\/fr\/wp-json\/wp\/v2\/types\/page"}],"author":[{"embeddable":true,"href":"https:\/\/ciudaddelosrecuerdos.cordoba.es\/fr\/wp-json\/wp\/v2\/users\/1"}],"replies":[{"embeddable":true,"href":"https:\/\/ciudaddelosrecuerdos.cordoba.es\/fr\/wp-json\/wp\/v2\/comments?post=377"}],"version-history":[{"count":2,"href":"https:\/\/ciudaddelosrecuerdos.cordoba.es\/fr\/wp-json\/wp\/v2\/pages\/377\/revisions"}],"predecessor-version":[{"id":545,"href":"https:\/\/ciudaddelosrecuerdos.cordoba.es\/fr\/wp-json\/wp\/v2\/pages\/377\/revisions\/545"}],"wp:attachment":[{"href":"https:\/\/ciudaddelosrecuerdos.cordoba.es\/fr\/wp-json\/wp\/v2\/media?parent=377"}],"curies":[{"name":"wp","href":"https:\/\/api.w.org\/{rel}","templated":true}]}}