{"id":375,"date":"2024-09-25T09:38:14","date_gmt":"2024-09-25T07:38:14","guid":{"rendered":"https:\/\/ciudaddelosrecuerdos.cordoba.es\/?page_id=375"},"modified":"2025-09-26T09:24:38","modified_gmt":"2025-09-26T07:24:38","slug":"visite-15","status":"publish","type":"page","link":"https:\/\/ciudaddelosrecuerdos.cordoba.es\/fr\/visite-15\/","title":{"rendered":"Visite 15"},"content":{"rendered":"<h1>Visite 15: Benito de Arana Beascoechea<\/h1>\n<div><img loading=\"lazy\" decoding=\"async\" class=\"aligncenter wp-image-15 size-large\" src=\"https:\/\/ciudaddelosrecuerdos.cordoba.es\/wp-content\/uploads\/2024\/09\/1_visita15_aranda_beascoechea.jpg\" alt=\"\" width=\"780\" height=\"853\" \/><\/div>\n<div class=\"boxAudio\">\n<img decoding=\"async\" src=\"https:\/\/ciudaddelosrecuerdos.cordoba.es\/wp-content\/uploads\/2025\/09\/iconoaudio.png\" width=\"55\" style=\"margin-right:20px;\"><audio controls><source src=\"https:\/\/ciudaddelosrecuerdos.cordoba.es\/audios\/fr\/Ruta1_Visita15_FR.mp3\" type=\"audio\/mpeg\">Your browser does not support the audio element.<\/audio>\n<\/div>\n<p><strong>Benito de Arana Beascoechea (1890-1953)<\/strong> naquit \u00e0 Bilbao. Ing\u00e9nieur industriel de profession, il s\u2019installa \u00e0 Cordoue pour travailler \u00e0 la <em>Sociedad Espa\u00f1ola de Construcciones Electromec\u00e1nicas<\/em> (SECEM), entreprise m\u00e9tallurgique fond\u00e9e en 1917 et principalement consacr\u00e9e \u00e0 la transformation du cuivre, connue dans la ville sous le nom de \u00ab La Electro \u00bb. Benito de Arana fut nomm\u00e9 directeur de l\u2019usine en 1930, apr\u00e8s la mort de Clemente Cantais Leprevot. En 1940, il re\u00e7ut la Croix du M\u00e9rite Militaire et, en 1944, la m\u00e9daille du M\u00e9rite du Travail. Il fut d\u00e9clar\u00e9 fils adoptif de Cordoue et si\u00e9gea \u00e9galement au conseil d\u2019administration de la <em>Caja Provincial de Ahorros<\/em>.<\/p>\n<p>La <em>Electromec\u00e1nicas<\/em> fut une grande usine d\u2019un poids \u00e9conomique consid\u00e9rable, qui donna du travail \u00e0 des milliers d\u2019ouvriers. Son \u00e9cole d\u2019apprentis forma de nombreux sp\u00e9cialistes. L\u2019entreprise construisit \u00e9galement de nombreuses habitations \u00e0 proximit\u00e9 de l\u2019usine pour les ouvriers et les ing\u00e9nieurs. L\u2019importance de l\u2019usine pour Cordoue \u00e9tait telle qu\u2019une annonce publi\u00e9e dans <em>ABC<\/em> de Madrid, le 12\/10\/1962, affirmait : \u00ab La Mosqu\u00e9e et la SECEM, symboles d\u2019hier et d\u2019aujourd\u2019hui de Cordoue. \u00bb Toutefois, une r\u00e9organisation eut lieu en 1972 et, \u00e0 la fin des ann\u00e9es 1970, une crise entra\u00eena son int\u00e9gration dans Ibercobre, suivie de rachats et de transformations successives.<\/p>\n","protected":false},"excerpt":{"rendered":"<p>Visite 15: Benito de Arana Beascoechea Your browser does not support the audio element. Benito de Arana Beascoechea (1890-1953) naquit [&hellip;]<\/p>\n","protected":false},"author":1,"featured_media":0,"parent":0,"menu_order":0,"comment_status":"closed","ping_status":"closed","template":"page-templates\/full-width.php","meta":{"footnotes":""},"class_list":["post-375","page","type-page","status-publish","hentry"],"_links":{"self":[{"href":"https:\/\/ciudaddelosrecuerdos.cordoba.es\/fr\/wp-json\/wp\/v2\/pages\/375","targetHints":{"allow":["GET"]}}],"collection":[{"href":"https:\/\/ciudaddelosrecuerdos.cordoba.es\/fr\/wp-json\/wp\/v2\/pages"}],"about":[{"href":"https:\/\/ciudaddelosrecuerdos.cordoba.es\/fr\/wp-json\/wp\/v2\/types\/page"}],"author":[{"embeddable":true,"href":"https:\/\/ciudaddelosrecuerdos.cordoba.es\/fr\/wp-json\/wp\/v2\/users\/1"}],"replies":[{"embeddable":true,"href":"https:\/\/ciudaddelosrecuerdos.cordoba.es\/fr\/wp-json\/wp\/v2\/comments?post=375"}],"version-history":[{"count":2,"href":"https:\/\/ciudaddelosrecuerdos.cordoba.es\/fr\/wp-json\/wp\/v2\/pages\/375\/revisions"}],"predecessor-version":[{"id":544,"href":"https:\/\/ciudaddelosrecuerdos.cordoba.es\/fr\/wp-json\/wp\/v2\/pages\/375\/revisions\/544"}],"wp:attachment":[{"href":"https:\/\/ciudaddelosrecuerdos.cordoba.es\/fr\/wp-json\/wp\/v2\/media?parent=375"}],"curies":[{"name":"wp","href":"https:\/\/api.w.org\/{rel}","templated":true}]}}