{"id":373,"date":"2024-09-25T09:38:14","date_gmt":"2024-09-25T07:38:14","guid":{"rendered":"https:\/\/ciudaddelosrecuerdos.cordoba.es\/?page_id=373"},"modified":"2025-09-26T09:24:26","modified_gmt":"2025-09-26T07:24:26","slug":"visite-14","status":"publish","type":"page","link":"https:\/\/ciudaddelosrecuerdos.cordoba.es\/fr\/visite-14\/","title":{"rendered":"Visite 14"},"content":{"rendered":"<h1>Visite 14: Pante\u00f3n de los Marqueses del M\u00e9rito y Valpara\u00edso<\/h1>\n<div><img loading=\"lazy\" decoding=\"async\" class=\"aligncenter wp-image-15 size-large\" src=\"https:\/\/ciudaddelosrecuerdos.cordoba.es\/wp-content\/uploads\/2024\/09\/1_visita14_marqueses_merito_valparaiso.jpg\" alt=\"\" width=\"780\" height=\"853\" \/><\/div>\n<div class=\"boxAudio\">\n<img decoding=\"async\" src=\"https:\/\/ciudaddelosrecuerdos.cordoba.es\/wp-content\/uploads\/2025\/09\/iconoaudio.png\" width=\"55\" style=\"margin-right:20px;\"><audio controls><source src=\"https:\/\/ciudaddelosrecuerdos.cordoba.es\/audios\/fr\/Ruta1_Visita14_FR.mp3\" type=\"audio\/mpeg\">Your browser does not support the audio element.<\/audio>\n<\/div>\n<p>Le panth\u00e9on des <strong>marquis du M\u00e9rito et de Valpara\u00edso<\/strong> se distingue essentiellement par sa forme de temple classique, orn\u00e9 de belles colonnes ioniques. Construit principalement en granit gris, l\u2019ensemble exprime clairement la volont\u00e9 de ses propri\u00e9taires de durer dans le temps, ainsi que le pouvoir de ses b\u00e2tisseurs. \u00c0 l\u2019int\u00e9rieur, on peut observer les armoiries de la famille. Y reposent, avec d\u2019autres membres de la famille, les restes de Jos\u00e9 L\u00f3pez de Carrizosa y Garvey, marquis du M\u00e9rito, personnage tr\u00e8s connu dans la ville, o\u00f9 il mena une intense vie sociale \u00e0 la fin du XIX\u1d49 et au d\u00e9but du XX\u1d49 si\u00e8cle.<\/p>\n<p>Le marquis \u00e9pousa Mar\u00eda del Carmen Martel y Arteaga, marquise de Valpara\u00edso \u2014dot\u00e9e de la Grandesse d\u2019Espagne et fille du comte de Torres-Cabrera. La marquise fut, entre autres, membre de la Soci\u00e9t\u00e9 \u00c9conomique Royale des Amis du Pays de Cordoue et acad\u00e9micienne correspondante de la Real Academia cordobesa. Elle fut aussi pr\u00e9sidente de l\u2019\u00ab Association des Ouvri\u00e8res Cordouanes \u00bb, par l\u2019interm\u00e9diaire de laquelle fut fond\u00e9e la \u00ab Maison de l\u2019Enfant \u00bb. La famille poss\u00e9dait des domaines viticoles \u00e0 Jerez de la Frontera. Le marquisat du M\u00e9rito joua un r\u00f4le important dans la restauration et la conservation du monast\u00e8re de San Jer\u00f3nimo, au pied de la sierra de Cordoue, pr\u00e8s de Medina Azahara.<\/p>\n","protected":false},"excerpt":{"rendered":"<p>Visite 14: Pante\u00f3n de los Marqueses del M\u00e9rito y Valpara\u00edso Your browser does not support the audio element. Le panth\u00e9on [&hellip;]<\/p>\n","protected":false},"author":1,"featured_media":0,"parent":0,"menu_order":0,"comment_status":"closed","ping_status":"closed","template":"page-templates\/full-width.php","meta":{"footnotes":""},"class_list":["post-373","page","type-page","status-publish","hentry"],"_links":{"self":[{"href":"https:\/\/ciudaddelosrecuerdos.cordoba.es\/fr\/wp-json\/wp\/v2\/pages\/373","targetHints":{"allow":["GET"]}}],"collection":[{"href":"https:\/\/ciudaddelosrecuerdos.cordoba.es\/fr\/wp-json\/wp\/v2\/pages"}],"about":[{"href":"https:\/\/ciudaddelosrecuerdos.cordoba.es\/fr\/wp-json\/wp\/v2\/types\/page"}],"author":[{"embeddable":true,"href":"https:\/\/ciudaddelosrecuerdos.cordoba.es\/fr\/wp-json\/wp\/v2\/users\/1"}],"replies":[{"embeddable":true,"href":"https:\/\/ciudaddelosrecuerdos.cordoba.es\/fr\/wp-json\/wp\/v2\/comments?post=373"}],"version-history":[{"count":2,"href":"https:\/\/ciudaddelosrecuerdos.cordoba.es\/fr\/wp-json\/wp\/v2\/pages\/373\/revisions"}],"predecessor-version":[{"id":543,"href":"https:\/\/ciudaddelosrecuerdos.cordoba.es\/fr\/wp-json\/wp\/v2\/pages\/373\/revisions\/543"}],"wp:attachment":[{"href":"https:\/\/ciudaddelosrecuerdos.cordoba.es\/fr\/wp-json\/wp\/v2\/media?parent=373"}],"curies":[{"name":"wp","href":"https:\/\/api.w.org\/{rel}","templated":true}]}}