{"id":236,"date":"2024-09-25T09:38:14","date_gmt":"2024-09-25T07:38:14","guid":{"rendered":"https:\/\/testdesarrollo.es\/ciudad\/route-1\/visita-25\/"},"modified":"2025-09-26T08:58:34","modified_gmt":"2025-09-26T06:58:34","slug":"visit-25","status":"publish","type":"page","link":"https:\/\/ciudaddelosrecuerdos.cordoba.es\/en\/route-1\/visit-25\/","title":{"rendered":"25 Visit"},"content":{"rendered":"<h1>25 Visit: Pante\u00f3n Marquesa de Conde-Salazar<\/h1>\n<div><img loading=\"lazy\" decoding=\"async\" class=\"aligncenter wp-image-15 size-large\" src=\"https:\/\/ciudaddelosrecuerdos.cordoba.es\/wp-content\/uploads\/2024\/09\/1_visita25_marquesa_conde_salazar.jpg\" alt=\"\" width=\"780\" height=\"853\" \/><\/div>\n<div class=\"boxAudio\">\n<img decoding=\"async\" src=\"https:\/\/ciudaddelosrecuerdos.cordoba.es\/wp-content\/uploads\/2025\/09\/iconoaudio.png\" width=\"55\" style=\"margin-right:20px;\"><audio controls><source src=\"https:\/\/ciudaddelosrecuerdos.cordoba.es\/audios\/en\/Ruta1_Visita25_ENG.mp3\" type=\"audio\/mpeg\">Your browser does not support the audio element.<\/audio>\n<\/div>\n<p>The cemetery erected by the Marquesa de Conde-Salazar, Mar\u00eda del Socorro Conde-Salazar y Acosta is one of the most spectacular in the cemetery. The neoclassical style prevails. The monument is reminiscent of styles from the Roman world, such as garlands and medallion. On the pediment we can see the date of construction and the portrait of the Marquesa, and a garland of daisies and old roses. The vegetation elements in the pantheon can be identified with symbols of fertility, rebirth to eternal life and hope. The dome is made with tiles in the shape of laminas. The windows, with different colours and the skylight give the interior an atmosphere of serenity and beauty. There is a strong presence of triangular and pyramidal shaped motifs. Even though it cannot be viewed from outside, the inner sarcophagus is beautifully crafted. In the garden, surrounded by an iron fence, we can see the traditional funerary symbolism of the torch, and trees of the Sofora Pendulum species.<\/p>\n<p>The mausoleum was built, according to the \u201cDiario de Cordoba \u201c newspaper(16-3-1873), by the architect Amadeo Rodr\u00edguez in collaboration with the Italian stonecutter Jos\u00e9 del Nero . The Marquesa dedicated the building to her husband, Francisco Garc\u00eda Hidalgo Pe\u00f1alver, minister and life senator of the Tribunal of Accounts of the Kingdom during the reign of Isabel II. The remains of <strong>Jos\u00e9 Mar\u00eda Conde Acosta,<\/strong> first mayor of Cordoba in 1844-46 and vice-mayor in 1853 also lie here.<\/p>\n","protected":false},"excerpt":{"rendered":"<p>25 Visit: Pante\u00f3n Marquesa de Conde-Salazar Your browser does not support the audio element. The cemetery erected by the Marquesa [&hellip;]<\/p>\n","protected":false},"author":1,"featured_media":0,"parent":151,"menu_order":0,"comment_status":"closed","ping_status":"closed","template":"page-templates\/full-width.php","meta":{"footnotes":""},"class_list":["post-236","page","type-page","status-publish","hentry"],"_links":{"self":[{"href":"https:\/\/ciudaddelosrecuerdos.cordoba.es\/en\/wp-json\/wp\/v2\/pages\/236","targetHints":{"allow":["GET"]}}],"collection":[{"href":"https:\/\/ciudaddelosrecuerdos.cordoba.es\/en\/wp-json\/wp\/v2\/pages"}],"about":[{"href":"https:\/\/ciudaddelosrecuerdos.cordoba.es\/en\/wp-json\/wp\/v2\/types\/page"}],"author":[{"embeddable":true,"href":"https:\/\/ciudaddelosrecuerdos.cordoba.es\/en\/wp-json\/wp\/v2\/users\/1"}],"replies":[{"embeddable":true,"href":"https:\/\/ciudaddelosrecuerdos.cordoba.es\/en\/wp-json\/wp\/v2\/comments?post=236"}],"version-history":[{"count":5,"href":"https:\/\/ciudaddelosrecuerdos.cordoba.es\/en\/wp-json\/wp\/v2\/pages\/236\/revisions"}],"predecessor-version":[{"id":522,"href":"https:\/\/ciudaddelosrecuerdos.cordoba.es\/en\/wp-json\/wp\/v2\/pages\/236\/revisions\/522"}],"up":[{"embeddable":true,"href":"https:\/\/ciudaddelosrecuerdos.cordoba.es\/en\/wp-json\/wp\/v2\/pages\/151"}],"wp:attachment":[{"href":"https:\/\/ciudaddelosrecuerdos.cordoba.es\/en\/wp-json\/wp\/v2\/media?parent=236"}],"curies":[{"name":"wp","href":"https:\/\/api.w.org\/{rel}","templated":true}]}}