{"id":200,"date":"2024-09-25T09:38:14","date_gmt":"2024-09-25T07:38:14","guid":{"rendered":"https:\/\/testdesarrollo.es\/ciudad\/route-1\/visita-14\/"},"modified":"2025-09-26T08:56:40","modified_gmt":"2025-09-26T06:56:40","slug":"visit-14","status":"publish","type":"page","link":"https:\/\/ciudaddelosrecuerdos.cordoba.es\/en\/route-1\/visit-14\/","title":{"rendered":"14 Visit"},"content":{"rendered":"<h1>14 Visit: Pante\u00f3n de los Marqueses del M\u00e9rito y Valpara\u00edso<\/h1>\n<div><img loading=\"lazy\" decoding=\"async\" class=\"aligncenter wp-image-15 size-large\" src=\"https:\/\/ciudaddelosrecuerdos.cordoba.es\/wp-content\/uploads\/2024\/09\/1_visita14_marqueses_merito_valparaiso.jpg\" alt=\"\" width=\"780\" height=\"853\" \/><\/div>\n<div class=\"boxAudio\">\n<img decoding=\"async\" src=\"https:\/\/ciudaddelosrecuerdos.cordoba.es\/wp-content\/uploads\/2025\/09\/iconoaudio.png\" width=\"55\" style=\"margin-right:20px;\"><audio controls><source src=\"https:\/\/ciudaddelosrecuerdos.cordoba.es\/audios\/en\/Ruta1_Visita14_ENG.mp3\" type=\"audio\/mpeg\">Your browser does not support the audio element.<\/audio>\n<\/div>\n<p>The pantheon of the<strong> Marquises del M\u00e9rito y Valpara\u00edso<\/strong>\u00a0is essentially characterised for its classical temple shape, adorned with beautiful Ionic columns. Built primarily in grey granite, the whole manifests the intention of its owners to persist in time, as well as the power of the builders. Inside we can see family shields. Also buried in this pantheon, along with of members of the family, lie the remains of Jose Lopez de Carrizosa and Garvey, Marquis del M\u00e9rito, a very well known person in the city, where he led an active social life in the late nineteenth and early XX centuries.<\/p>\n<p>The Marquis married Maria del Carmen Martel y Arteaga, Marchioness of Valpara\u00edso-with-greatness of Spain- and daughter of the Count of Torres-Cabrera. The Marchioness was, among others, member of the Royal Economic Society for Friends of the Country of Cordoba and Academic Correspondent for the Royal Cordoba. She was also president of the Association of Workers of Cordoba, through which she founded \u201cLa Casa del Ni\u00f1o\u201d. The family owned wine business in Jerez de la Frontera. The Marquis of M\u00e9rito was very important in terms of the restoration and conservation of the Monastery of San Jeronimo, in the foothills of the Sierra de Cordoba, next to Medina Azahara.<\/p>\n","protected":false},"excerpt":{"rendered":"<p>14 Visit: Pante\u00f3n de los Marqueses del M\u00e9rito y Valpara\u00edso Your browser does not support the audio element. The pantheon [&hellip;]<\/p>\n","protected":false},"author":1,"featured_media":0,"parent":151,"menu_order":0,"comment_status":"closed","ping_status":"closed","template":"page-templates\/full-width.php","meta":{"footnotes":""},"class_list":["post-200","page","type-page","status-publish","hentry"],"_links":{"self":[{"href":"https:\/\/ciudaddelosrecuerdos.cordoba.es\/en\/wp-json\/wp\/v2\/pages\/200","targetHints":{"allow":["GET"]}}],"collection":[{"href":"https:\/\/ciudaddelosrecuerdos.cordoba.es\/en\/wp-json\/wp\/v2\/pages"}],"about":[{"href":"https:\/\/ciudaddelosrecuerdos.cordoba.es\/en\/wp-json\/wp\/v2\/types\/page"}],"author":[{"embeddable":true,"href":"https:\/\/ciudaddelosrecuerdos.cordoba.es\/en\/wp-json\/wp\/v2\/users\/1"}],"replies":[{"embeddable":true,"href":"https:\/\/ciudaddelosrecuerdos.cordoba.es\/en\/wp-json\/wp\/v2\/comments?post=200"}],"version-history":[{"count":5,"href":"https:\/\/ciudaddelosrecuerdos.cordoba.es\/en\/wp-json\/wp\/v2\/pages\/200\/revisions"}],"predecessor-version":[{"id":511,"href":"https:\/\/ciudaddelosrecuerdos.cordoba.es\/en\/wp-json\/wp\/v2\/pages\/200\/revisions\/511"}],"up":[{"embeddable":true,"href":"https:\/\/ciudaddelosrecuerdos.cordoba.es\/en\/wp-json\/wp\/v2\/pages\/151"}],"wp:attachment":[{"href":"https:\/\/ciudaddelosrecuerdos.cordoba.es\/en\/wp-json\/wp\/v2\/media?parent=200"}],"curies":[{"name":"wp","href":"https:\/\/api.w.org\/{rel}","templated":true}]}}